{"id":591,"date":"2025-08-02T21:05:43","date_gmt":"2025-08-02T21:05:43","guid":{"rendered":"https:\/\/sublimeprintlab.pt\/?page_id=591"},"modified":"2026-03-19T09:32:03","modified_gmt":"2026-03-19T09:32:03","slug":"termos-e-condicoes","status":"publish","type":"page","link":"https:\/\/sublimeprintlab.pt\/es\/termos-e-condicoes\/","title":{"rendered":"Condiciones generales"},"content":{"rendered":"<div data-elementor-type=\"wp-page\" data-elementor-id=\"591\" class=\"elementor elementor-591\" data-elementor-post-type=\"page\">\n\t\t\t\t<div class=\"elementor-element elementor-element-4e564a7c e-flex e-con-boxed e-con e-parent\" data-id=\"4e564a7c\" data-element_type=\"container\">\n\t\t\t\t\t<div class=\"e-con-inner\">\n\t\t\t\t<div class=\"elementor-element elementor-element-7a0ebc3 elementor-widget elementor-widget-text-editor\" data-id=\"7a0ebc3\" data-element_type=\"widget\" data-widget_type=\"text-editor.default\">\n\t\t\t\t<div class=\"elementor-widget-container\">\n\t\t\t\t\t\t\t\t\t<p><strong>Termos e condi\u00e7\u00f5es<\/strong><\/p><p>A Sublime Print Lab presta servi\u00e7os de personaliza\u00e7\u00e3o de vestu\u00e1rio atrav\u00e9s de t\u00e9cnicas como estampagem DTF, sublima\u00e7\u00e3o e bordado.<\/p><p>Todos os pedidos s\u00e3o produzidos de acordo com as especifica\u00e7\u00f5es fornecidas pelo cliente. O cliente \u00e9 respons\u00e1vel por garantir que possui os direitos de utiliza\u00e7\u00e3o dos log\u00f3tipos, imagens ou conte\u00fados enviados para personaliza\u00e7\u00e3o.<\/p><p>Os prazos de produ\u00e7\u00e3o podem variar consoante a quantidade e complexidade da encomenda, sendo comunicados ao cliente no momento da confirma\u00e7\u00e3o do pedido.<\/p><p>Os pagamentos devem ser efetuados antes do in\u00edcio da produ\u00e7\u00e3o, salvo acordo em contr\u00e1rio.<\/p><p>A Sublime Print Lab compromete-se a garantir qualidade e profissionalismo em todos os produtos entregues.<\/p>\t\t\t\t\t\t\t\t<\/div>\n\t\t\t\t<\/div>\n\t\t\t\t<div class=\"elementor-element elementor-element-8d14269 elementor-widget elementor-widget-text-editor\" data-id=\"8d14269\" data-element_type=\"widget\" data-widget_type=\"text-editor.default\">\n\t\t\t\t<div class=\"elementor-widget-container\">\n\t\t\t\t\t\t\t\t\t<p>Devido \u00e0 natureza personalizada dos produtos, n\u00e3o s\u00e3o aceites devolu\u00e7\u00f5es ou trocas de artigos personalizados, exceto em caso de defeito de fabrico ou erro na produ\u00e7\u00e3o.<\/p><p>Caso o cliente receba um produto com defeito ou diferente do solicitado, dever\u00e1 entrar em contacto no prazo m\u00e1ximo de 7 dias ap\u00f3s a rece\u00e7\u00e3o da encomenda.<\/p><p>Ap\u00f3s verifica\u00e7\u00e3o da situa\u00e7\u00e3o, a Sublime Print Lab proceder\u00e1 \u00e0 substitui\u00e7\u00e3o do produto ou resolu\u00e7\u00e3o do problema.<\/p><p>Produtos utilizados, lavados ou danificados ap\u00f3s a entrega n\u00e3o ser\u00e3o eleg\u00edveis para troca ou devolu\u00e7\u00e3o.<\/p>\t\t\t\t\t\t\t\t<\/div>\n\t\t\t\t<\/div>\n\t\t\t\t\t<\/div>\n\t\t\t\t<\/div>\n\t\t\t\t<\/div>","protected":false},"excerpt":{"rendered":"<p>Termos e condi\u00e7\u00f5es A Sublime Print Lab presta servi\u00e7os de personaliza\u00e7\u00e3o de vestu\u00e1rio atrav\u00e9s de t\u00e9cnicas como estampagem DTF, sublima\u00e7\u00e3o e bordado. Todos os pedidos s\u00e3o produzidos de acordo com as especifica\u00e7\u00f5es fornecidas pelo cliente. O cliente \u00e9 respons\u00e1vel por garantir que possui os direitos de utiliza\u00e7\u00e3o dos log\u00f3tipos, imagens ou conte\u00fados enviados para personaliza\u00e7\u00e3o. [&hellip;]<\/p>","protected":false},"author":3,"featured_media":0,"parent":0,"menu_order":0,"comment_status":"closed","ping_status":"closed","template":"","meta":{"footnotes":""},"class_list":["post-591","page","type-page","status-publish","hentry"],"_links":{"self":[{"href":"https:\/\/sublimeprintlab.pt\/es\/wp-json\/wp\/v2\/pages\/591","targetHints":{"allow":["GET"]}}],"collection":[{"href":"https:\/\/sublimeprintlab.pt\/es\/wp-json\/wp\/v2\/pages"}],"about":[{"href":"https:\/\/sublimeprintlab.pt\/es\/wp-json\/wp\/v2\/types\/page"}],"author":[{"embeddable":true,"href":"https:\/\/sublimeprintlab.pt\/es\/wp-json\/wp\/v2\/users\/3"}],"replies":[{"embeddable":true,"href":"https:\/\/sublimeprintlab.pt\/es\/wp-json\/wp\/v2\/comments?post=591"}],"version-history":[{"count":25,"href":"https:\/\/sublimeprintlab.pt\/es\/wp-json\/wp\/v2\/pages\/591\/revisions"}],"predecessor-version":[{"id":2230,"href":"https:\/\/sublimeprintlab.pt\/es\/wp-json\/wp\/v2\/pages\/591\/revisions\/2230"}],"wp:attachment":[{"href":"https:\/\/sublimeprintlab.pt\/es\/wp-json\/wp\/v2\/media?parent=591"}],"curies":[{"name":"wp","href":"https:\/\/api.w.org\/{rel}","templated":true}]}}