{"id":2031,"date":"2026-02-10T20:27:33","date_gmt":"2026-02-10T20:27:33","guid":{"rendered":"https:\/\/sublimeprintlab.pt\/?post_type=product&#038;p=2031"},"modified":"2026-04-01T19:23:39","modified_gmt":"2026-04-01T19:23:39","slug":"vortex-shirt","status":"publish","type":"product","link":"https:\/\/sublimeprintlab.pt\/es\/producto\/vortex-shirt\/","title":{"rendered":"THC PHOENIX"},"content":{"rendered":"<p>Sweatshirt unissexo com capuz 320 g\/m\u00b2<\/p>\n<p>\u00b7 Exterior: 100% algod\u00e3o penteado (em transi\u00e7\u00e3o)<\/p>\n<p>\u00b7 50% algod\u00e3o, 50% poli\u00e9ster<\/p>\n<p>\u00b7 Interior cardado<\/p>\n<p>\u00b7 Rib 1&#215;1 nos punhos e parte inferior do artigo<\/p>\n<p>\u00b7 Bolso marsupial<\/p>\n<p>\u00b7 Capuz com ilh\u00f3s met\u00e1licos e cord\u00e3o de aperto \u00e0 cor<\/p>\n<p>\u00b7 Cortada e cosida<\/p>\n<p>\u00b7 Fita de refor\u00e7o no interior da gola<\/p>\n<p>\u00b7 Tratamento enzim\u00e1tico<\/p>\n<p>* Cor em transi\u00e7\u00e3o<\/p>","protected":false},"excerpt":{"rendered":"<div class=\"mb-5 border border-solid border-gray-light p-2.5\">\n<div class=\"text-sm leading-5 text-gray-medium\">Combina una r\u00e1pida transferencia de humedad, sensaci\u00f3n de frescura y f\u00e1cil mantenimiento. Su tejido denso, estable y resistente garantiza: un aspecto impecable, menos arrugas y colores duraderos. Tacto m\u00e1s suave, ca\u00edda limpia y capacidad de impresi\u00f3n perfecta.<\/div>\n<\/div>\n<div class=\"flex flex-row flex-wrap gap-x-3.5 gap-y-2.5\">\n<div class=\"group\/tooltip relative w-fit text-center\"><\/div>\n<\/div>","protected":false},"featured_media":2297,"template":"","meta":[],"product_brand":[],"product_cat":[23,98,93],"product_tag":[],"class_list":{"0":"post-2031","1":"product","2":"type-product","3":"status-publish","4":"has-post-thumbnail","6":"product_cat-vestuario","7":"product_cat-mais-vendidos","8":"product_cat-t-shirts","9":"tm-no-options","11":"first","12":"instock","13":"taxable","14":"shipping-taxable","15":"purchasable","16":"product-type-simple"},"_links":{"self":[{"href":"https:\/\/sublimeprintlab.pt\/es\/wp-json\/wp\/v2\/product\/2031","targetHints":{"allow":["GET"]}}],"collection":[{"href":"https:\/\/sublimeprintlab.pt\/es\/wp-json\/wp\/v2\/product"}],"about":[{"href":"https:\/\/sublimeprintlab.pt\/es\/wp-json\/wp\/v2\/types\/product"}],"wp:featuredmedia":[{"embeddable":true,"href":"https:\/\/sublimeprintlab.pt\/es\/wp-json\/wp\/v2\/media\/2297"}],"wp:attachment":[{"href":"https:\/\/sublimeprintlab.pt\/es\/wp-json\/wp\/v2\/media?parent=2031"}],"wp:term":[{"taxonomy":"product_brand","embeddable":true,"href":"https:\/\/sublimeprintlab.pt\/es\/wp-json\/wp\/v2\/product_brand?post=2031"},{"taxonomy":"product_cat","embeddable":true,"href":"https:\/\/sublimeprintlab.pt\/es\/wp-json\/wp\/v2\/product_cat?post=2031"},{"taxonomy":"product_tag","embeddable":true,"href":"https:\/\/sublimeprintlab.pt\/es\/wp-json\/wp\/v2\/product_tag?post=2031"}],"curies":[{"name":"wp","href":"https:\/\/api.w.org\/{rel}","templated":true}]}}