{"id":2033,"date":"2026-02-10T20:27:36","date_gmt":"2026-02-10T20:27:36","guid":{"rendered":"https:\/\/sublimeprintlab.pt\/?post_type=product&#038;p=2033"},"modified":"2026-04-01T14:39:34","modified_gmt":"2026-04-01T14:39:34","slug":"palermo","status":"publish","type":"product","link":"https:\/\/sublimeprintlab.pt\/es\/producto\/palermo\/","title":{"rendered":"THC CARGO"},"content":{"rendered":"<p>Cal\u00e7as de trabalho 200 g\/m\u00b2<\/p>\n<p>\u00b7 Ripstop 65% poli\u00e9ster, 35% algod\u00e3o<\/p>\n<p>\u00b7 8 bolsos<\/p>\n<p>\u00b7 2 bolsos laterais com bolso pequeno aplicado no lado direito<\/p>\n<p>\u00b7 2 bolsos traseiros com bot\u00f5es de mola e abas com pormenor em tecido<\/p>\n<p>\u00b7 2 bolsos na lateral da perna com bot\u00f5es de mola e abas com pormenor em tecido e um bolso com fecho e puxador em tecido<\/p>\n<p>\u00b7 Pin\u00e7as nos joelhos<\/p>\n<p>\u00b7 Fecho central YKK\u00ae com puxador de metal e bot\u00e3o de metal<\/p>\n<p>\u00b7 Cintura ajust\u00e1vel com sistema el\u00e1stico<\/p>\n<p>\u00b7 Presilhas largas<\/p>","protected":false},"excerpt":{"rendered":"<div class=\"mb-5 border border-solid border-gray-light p-2.5\">\n<div class=\"text-sm leading-5 text-gray-medium\">Combina una r\u00e1pida transferencia de humedad, sensaci\u00f3n de frescura y f\u00e1cil mantenimiento. Su tejido denso, estable y resistente garantiza: un aspecto impecable, menos arrugas y colores duraderos. Tacto m\u00e1s suave, ca\u00edda limpia y capacidad de impresi\u00f3n perfecta.<\/div>\n<\/div>\n<div class=\"flex flex-row flex-wrap gap-x-3.5 gap-y-2.5\">\n<div class=\"group\/tooltip relative w-fit text-center\"><\/div>\n<\/div>","protected":false},"featured_media":2284,"template":"","meta":[],"product_brand":[],"product_cat":[23,98,95],"product_tag":[],"class_list":{"0":"post-2033","1":"product","2":"type-product","3":"status-publish","4":"has-post-thumbnail","6":"product_cat-vestuario","7":"product_cat-mais-vendidos","8":"product_cat-polos","9":"tm-no-options","11":"first","12":"instock","13":"taxable","14":"shipping-taxable","15":"purchasable","16":"product-type-simple"},"_links":{"self":[{"href":"https:\/\/sublimeprintlab.pt\/es\/wp-json\/wp\/v2\/product\/2033","targetHints":{"allow":["GET"]}}],"collection":[{"href":"https:\/\/sublimeprintlab.pt\/es\/wp-json\/wp\/v2\/product"}],"about":[{"href":"https:\/\/sublimeprintlab.pt\/es\/wp-json\/wp\/v2\/types\/product"}],"wp:featuredmedia":[{"embeddable":true,"href":"https:\/\/sublimeprintlab.pt\/es\/wp-json\/wp\/v2\/media\/2284"}],"wp:attachment":[{"href":"https:\/\/sublimeprintlab.pt\/es\/wp-json\/wp\/v2\/media?parent=2033"}],"wp:term":[{"taxonomy":"product_brand","embeddable":true,"href":"https:\/\/sublimeprintlab.pt\/es\/wp-json\/wp\/v2\/product_brand?post=2033"},{"taxonomy":"product_cat","embeddable":true,"href":"https:\/\/sublimeprintlab.pt\/es\/wp-json\/wp\/v2\/product_cat?post=2033"},{"taxonomy":"product_tag","embeddable":true,"href":"https:\/\/sublimeprintlab.pt\/es\/wp-json\/wp\/v2\/product_tag?post=2033"}],"curies":[{"name":"wp","href":"https:\/\/api.w.org\/{rel}","templated":true}]}}