{"id":2068,"date":"2026-02-10T22:39:09","date_gmt":"2026-02-10T22:39:09","guid":{"rendered":"https:\/\/sublimeprintlab.pt\/?post_type=product&#038;p=2068"},"modified":"2026-04-01T19:16:53","modified_gmt":"2026-04-01T19:16:53","slug":"cooper","status":"publish","type":"product","link":"https:\/\/sublimeprintlab.pt\/es\/producto\/cooper\/","title":{"rendered":"THC ASTANA"},"content":{"rendered":"<p>Casaco de trabalho com mangas remov\u00edveis<\/p>\n<p>\u00b7 Exterior: 170 g\/m\u00b2<\/p>\n<p>\u00b7 Enchimento: 75 g\/m\u00b2<\/p>\n<p>\u00b7 Interior: 65 g\/m\u00b2<\/p>\n<p>\u00b7 Exterior: oxford com revestimento em acrilico 100% poli\u00e9ster<\/p>\n<p>\u00b7 Interior: tafet\u00e1 100% poli\u00e9ster<\/p>\n<p>\u00b7 Enchimento: 100% poli\u00e9ster<\/p>\n<p>\u00b7 Mangas remov\u00edveis atrav\u00e9s de fechos<\/p>\n<p>\u00b7 Gola forrada a malha polar<\/p>\n<p>\u00b7 Acesso com fecho na parte inferior das costas para facilitar a personaliza\u00e7\u00e3o<\/p>\n<p>\u00b7 Casaco acolchoado 2 em 1 convert\u00edvel em colete<\/p>\n<p>\u00b7 Abertura com fecho YKK\u00ae<\/p>\n<p>\u00b7 Dois bolsos frontais com fecho e puxador e dois bolsos no peito<\/p>\n<p>\u00b7 Presilha para pendurar no interior da gola<\/p>\n<p>\u00b7 Punhos ajust\u00e1veis com tira de velcro<\/p>","protected":false},"excerpt":{"rendered":"<div class=\"mb-5 border border-solid border-gray-light p-2.5\">\n<div class=\"text-sm leading-5 text-gray-medium\">Combina una r\u00e1pida transferencia de humedad, sensaci\u00f3n de frescura y f\u00e1cil mantenimiento. Su tejido denso, estable y resistente garantiza: un aspecto impecable, menos arrugas y colores duraderos. Tacto m\u00e1s suave, ca\u00edda limpia y capacidad de impresi\u00f3n perfecta.<\/div>\n<\/div>\n<div class=\"flex flex-row flex-wrap gap-x-3.5 gap-y-2.5\">\n<div class=\"group\/tooltip relative w-fit text-center\"><\/div>\n<\/div>","protected":false},"featured_media":2296,"template":"","meta":[],"product_brand":[],"product_cat":[23,98,94],"product_tag":[],"class_list":{"0":"post-2068","1":"product","2":"type-product","3":"status-publish","4":"has-post-thumbnail","6":"product_cat-vestuario","7":"product_cat-mais-vendidos","8":"product_cat-sweatshirts","9":"tm-no-options","11":"first","12":"instock","13":"taxable","14":"shipping-taxable","15":"purchasable","16":"product-type-simple"},"_links":{"self":[{"href":"https:\/\/sublimeprintlab.pt\/es\/wp-json\/wp\/v2\/product\/2068","targetHints":{"allow":["GET"]}}],"collection":[{"href":"https:\/\/sublimeprintlab.pt\/es\/wp-json\/wp\/v2\/product"}],"about":[{"href":"https:\/\/sublimeprintlab.pt\/es\/wp-json\/wp\/v2\/types\/product"}],"wp:featuredmedia":[{"embeddable":true,"href":"https:\/\/sublimeprintlab.pt\/es\/wp-json\/wp\/v2\/media\/2296"}],"wp:attachment":[{"href":"https:\/\/sublimeprintlab.pt\/es\/wp-json\/wp\/v2\/media?parent=2068"}],"wp:term":[{"taxonomy":"product_brand","embeddable":true,"href":"https:\/\/sublimeprintlab.pt\/es\/wp-json\/wp\/v2\/product_brand?post=2068"},{"taxonomy":"product_cat","embeddable":true,"href":"https:\/\/sublimeprintlab.pt\/es\/wp-json\/wp\/v2\/product_cat?post=2068"},{"taxonomy":"product_tag","embeddable":true,"href":"https:\/\/sublimeprintlab.pt\/es\/wp-json\/wp\/v2\/product_tag?post=2068"}],"curies":[{"name":"wp","href":"https:\/\/api.w.org\/{rel}","templated":true}]}}